{"id":13,"date":"2018-08-27T07:05:36","date_gmt":"2018-08-27T07:05:36","guid":{"rendered":"https:\/\/rolfing-wuppertal.de\/?page_id=13"},"modified":"2022-06-24T06:57:37","modified_gmt":"2022-06-24T06:57:37","slug":"start","status":"publish","type":"page","link":"https:\/\/rolfing-wuppertal.de\/","title":{"rendered":"Start"},"content":{"rendered":"<p class=\"font_8\">Rolfing\u00ae ist eine manuelle Methode,\u00a0die sich der Struktur, Haltung und den Bewegungsabl\u00e4ufen des menschlichen K\u00f6rpers widmet.<\/p>\n<p class=\"font_8\">Rolfing\u00ae tr\u00e4gt zur modernen Gesundheitsvorsorge bei. Es ist mehr als ein Gesundheitstrend &#8211; es ist ein Weg, um mit sich und seinem K\u00f6rper im Einklang zu sein.<\/p>\n<p><em>&#8222;Der eine mag seinen verloren Kampf mit der Schwerkraft als scharfen Schmerz im R\u00fccken empfinden, ein anderer als ein wenig schmeichelhaftes Aussehen seines K\u00f6rpers, wieder ein anderer als st\u00e4ndige M\u00fcdigkeit und Stress und noch jemand als st\u00e4ndige bedrohliche Umwelt. Diejenigen, die \u00fcber vierzig sind, m\u00f6gen es Alter nennen \u2013 all diese Signale k\u00f6nnen aber auch auf ein einzelnes, bzw. einziges Problem hindeuten: Der K\u00f6rper ist au\u00dfer Balance geraten. Er ist in Konflikt mit der Schwerkraft.&#8220;<\/em><\/p>\n<p>Dr. Ida Rolf<\/p>\n","protected":false},"excerpt":{"rendered":"<p>Rolfing\u00ae ist eine manuelle Methode,\u00a0die sich der Struktur, Haltung und den Bewegungsabl\u00e4ufen des menschlichen K\u00f6rpers widmet. Rolfing\u00ae tr\u00e4gt zur modernen Gesundheitsvorsorge bei. Es ist mehr als ein Gesundheitstrend &#8211; es ist ein Weg, um mit sich und seinem K\u00f6rper im Einklang zu sein. &#8222;Der eine mag seinen verloren Kampf mit der Schwerkraft als scharfen Schmerz &hellip; <\/p>\n<p class=\"link-more\"><a href=\"https:\/\/rolfing-wuppertal.de\/\" class=\"more-link\"><span class=\"screen-reader-text\">\u201eStart\u201c<\/span> weiterlesen<\/a><\/p>\n","protected":false},"author":1,"featured_media":0,"parent":0,"menu_order":0,"comment_status":"closed","ping_status":"closed","template":"","meta":{"footnotes":""},"class_list":["post-13","page","type-page","status-publish","hentry"],"_links":{"self":[{"href":"https:\/\/rolfing-wuppertal.de\/index.php?rest_route=\/wp\/v2\/pages\/13","targetHints":{"allow":["GET"]}}],"collection":[{"href":"https:\/\/rolfing-wuppertal.de\/index.php?rest_route=\/wp\/v2\/pages"}],"about":[{"href":"https:\/\/rolfing-wuppertal.de\/index.php?rest_route=\/wp\/v2\/types\/page"}],"author":[{"embeddable":true,"href":"https:\/\/rolfing-wuppertal.de\/index.php?rest_route=\/wp\/v2\/users\/1"}],"replies":[{"embeddable":true,"href":"https:\/\/rolfing-wuppertal.de\/index.php?rest_route=%2Fwp%2Fv2%2Fcomments&post=13"}],"version-history":[{"count":11,"href":"https:\/\/rolfing-wuppertal.de\/index.php?rest_route=\/wp\/v2\/pages\/13\/revisions"}],"predecessor-version":[{"id":152,"href":"https:\/\/rolfing-wuppertal.de\/index.php?rest_route=\/wp\/v2\/pages\/13\/revisions\/152"}],"wp:attachment":[{"href":"https:\/\/rolfing-wuppertal.de\/index.php?rest_route=%2Fwp%2Fv2%2Fmedia&parent=13"}],"curies":[{"name":"wp","href":"https:\/\/api.w.org\/{rel}","templated":true}]}}