{"id":153,"date":"2023-02-03T16:50:20","date_gmt":"2023-02-03T16:50:20","guid":{"rendered":"https:\/\/rolfing-wuppertal.de\/?page_id=153"},"modified":"2023-02-03T16:50:20","modified_gmt":"2023-02-03T16:50:20","slug":"narbenbehandlung","status":"publish","type":"page","link":"https:\/\/rolfing-wuppertal.de\/?page_id=153","title":{"rendered":"Narbenbehandlung"},"content":{"rendered":"\n<h2 class=\"wp-block-heading\" id=\"cc-m-header-12643954636\">Narbenbehandlung:&nbsp;sanfte Methode mit guten Erfolgen<\/h2>\n\n\n\n<hr class=\"wp-block-separator has-alpha-channel-opacity\"\/>\n\n\n\n<p>Narben k\u00f6nnen auch Missempfindungen und Schmerzen verursachen. Dazu z\u00e4hlen zum Beispiel Juckreiz, Kribbeln, Hitze-,&nbsp; K\u00e4lte-&nbsp; und&nbsp; Taubheitsgef\u00fchle. Viele Menschen berichten das Gef\u00fchl zu haben, dass sie ihre Narbe nicht als Teil ihres K\u00f6rpers wahrnehmen.&nbsp;Kaum jemand wei\u00df von der M\u00f6glichkeit, Narbengewebe durch manuelle Behandlung wieder in das Faszien-Netz zu integrieren und das meist ohne Schmerzen. Selbst die Arbeit an \u00bbfrischen\u00ab Narben ist auf Grund der Sanftheit der Methode in der Regel schmerzfrei. Der kosmetische Effekt ist erfreulich und die funktionellen Ver\u00e4nderungen beachtlich!<\/p>\n\n\n\n<p>In der Regel reagiert das Narbengewebe sofort auf die Behandlung, und schon nach kurzer Zeit verbessert sich der Zustand der Narbe. Dieser Proze\u00df ist fortschreitend und die Verbesserung bleibend. Die Qualit\u00e4t des Gewebes ver\u00e4ndert sich schnell und einfach. Einziehungen, Knoten, W\u00fclste, Verh\u00e4rtungen, Adh\u00e4sionen, Beulen und Str\u00e4nge im Gewebe einer Narbe verschmelzen mit dem 3-dimensionalen Faszien-Netz. Durch Nervensch\u00e4digung hervorgerufene Taubheit verschwindet oft bereits im Rahmen einer Sitzung.<\/p>\n\n\n\n<h2 class=\"wp-block-heading\" id=\"cc-m-header-12644075636\">Narbenbehandlung nach&nbsp;Sharon Wheeler<\/h2>\n\n\n\n<hr class=\"wp-block-separator has-alpha-channel-opacity\"\/>\n\n\n\n<p>Narbenbehandlung nach Sharon Wheeler beginnt zun\u00e4chst oberfl\u00e4chlich und dringt dann immer weiter in die tiefen Schichten ein. Nicht selten geht die Integration der Narbe in das umliegende Gewebe einher mit Trauma-Bew\u00e4ltigung. Mehr \u00fcber&nbsp;<a href=\"https:\/\/www.narbenportal.de\/sharon-wheeler\/\" target=\"_blank\" rel=\"noreferrer noopener\">Sharon Wheeler<\/a><\/p>\n","protected":false},"excerpt":{"rendered":"<p>Narbenbehandlung:&nbsp;sanfte Methode mit guten Erfolgen Narben k\u00f6nnen auch Missempfindungen und Schmerzen verursachen. Dazu z\u00e4hlen zum Beispiel Juckreiz, Kribbeln, Hitze-,&nbsp; K\u00e4lte-&nbsp; und&nbsp; Taubheitsgef\u00fchle. Viele Menschen berichten das Gef\u00fchl zu haben, dass sie ihre Narbe nicht als Teil ihres K\u00f6rpers wahrnehmen.&nbsp;Kaum jemand wei\u00df von der M\u00f6glichkeit, Narbengewebe durch manuelle Behandlung wieder in das Faszien-Netz zu integrieren und &hellip; <\/p>\n<p class=\"link-more\"><a href=\"https:\/\/rolfing-wuppertal.de\/?page_id=153\" class=\"more-link\"><span class=\"screen-reader-text\">\u201eNarbenbehandlung\u201c<\/span> weiterlesen<\/a><\/p>\n","protected":false},"author":2,"featured_media":0,"parent":0,"menu_order":0,"comment_status":"closed","ping_status":"closed","template":"","meta":{"footnotes":""},"class_list":["post-153","page","type-page","status-publish","hentry"],"_links":{"self":[{"href":"https:\/\/rolfing-wuppertal.de\/index.php?rest_route=\/wp\/v2\/pages\/153","targetHints":{"allow":["GET"]}}],"collection":[{"href":"https:\/\/rolfing-wuppertal.de\/index.php?rest_route=\/wp\/v2\/pages"}],"about":[{"href":"https:\/\/rolfing-wuppertal.de\/index.php?rest_route=\/wp\/v2\/types\/page"}],"author":[{"embeddable":true,"href":"https:\/\/rolfing-wuppertal.de\/index.php?rest_route=\/wp\/v2\/users\/2"}],"replies":[{"embeddable":true,"href":"https:\/\/rolfing-wuppertal.de\/index.php?rest_route=%2Fwp%2Fv2%2Fcomments&post=153"}],"version-history":[{"count":1,"href":"https:\/\/rolfing-wuppertal.de\/index.php?rest_route=\/wp\/v2\/pages\/153\/revisions"}],"predecessor-version":[{"id":154,"href":"https:\/\/rolfing-wuppertal.de\/index.php?rest_route=\/wp\/v2\/pages\/153\/revisions\/154"}],"wp:attachment":[{"href":"https:\/\/rolfing-wuppertal.de\/index.php?rest_route=%2Fwp%2Fv2%2Fmedia&parent=153"}],"curies":[{"name":"wp","href":"https:\/\/api.w.org\/{rel}","templated":true}]}}