{"id":55,"date":"2018-09-02T17:39:48","date_gmt":"2018-09-02T17:39:48","guid":{"rendered":"https:\/\/rolfing-wuppertal.de\/?page_id=55"},"modified":"2020-09-09T14:36:33","modified_gmt":"2020-09-09T14:36:33","slug":"__trashed-2","status":"publish","type":"page","link":"https:\/\/rolfing-wuppertal.de\/?page_id=55","title":{"rendered":"Kontakt"},"content":{"rendered":"<h3>Rolfing Praxis Wuppertal<\/h3>\n<p><em>Kathrin B\u00f6sel<\/em><\/p>\n<p><em>Heinz-Kluncker-Stra\u00dfe 4<\/em><\/p>\n<p><em>42285 Wuppertal<\/em><\/p>\n<address>Tel.: 0172 6979464<\/address>\n<address>\u00a0<\/address>\n<address>Die Praxis befindet sich in der 2. Etage. Im Haus befindet sich ein Aufzug.<\/address>\n<address>Zur Praxis geh\u00f6ren zwei Parkpl\u00e4tze auf dem Hinterhof. Achten Sie auf die Beschriftung &#8222;CPK&#8220;. Die beiden Parkpl\u00e4tze liegen hintereinander!<\/address>\n<p>[wpgmza id=&#8220;1&#8243;]<\/p>\n<h3><a href=\"https:\/\/www.google.de\/maps\/@51.3759904,7.4819263,15z?hl=de\">Route mit Google Maps planen<\/a><\/h3>\n<p><strong>Terminanfrage \/ Nachricht per E-Mail<\/strong><\/p>\n\n<div class=\"wpcf7 no-js\" id=\"wpcf7-f88-o1\" lang=\"de-DE\" dir=\"ltr\" data-wpcf7-id=\"88\">\n<div class=\"screen-reader-response\"><p role=\"status\" aria-live=\"polite\" aria-atomic=\"true\"><\/p> <ul><\/ul><\/div>\n<form action=\"\/index.php?rest_route=%2Fwp%2Fv2%2Fpages%2F55#wpcf7-f88-o1\" method=\"post\" class=\"wpcf7-form init\" aria-label=\"Kontaktformular\" novalidate=\"novalidate\" data-status=\"init\">\n<div style=\"display: none;\">\n<input type=\"hidden\" name=\"_wpcf7\" value=\"88\" \/>\n<input type=\"hidden\" name=\"_wpcf7_version\" value=\"6.0.6\" \/>\n<input type=\"hidden\" name=\"_wpcf7_locale\" value=\"de_DE\" \/>\n<input type=\"hidden\" name=\"_wpcf7_unit_tag\" value=\"wpcf7-f88-o1\" \/>\n<input type=\"hidden\" name=\"_wpcf7_container_post\" value=\"0\" \/>\n<input type=\"hidden\" name=\"_wpcf7_posted_data_hash\" value=\"\" \/>\n<\/div>\n<p><label> Name (Pflichtfeld)<br \/>\n<span class=\"wpcf7-form-control-wrap\" data-name=\"your-name\"><input size=\"40\" maxlength=\"400\" class=\"wpcf7-form-control wpcf7-text wpcf7-validates-as-required\" aria-required=\"true\" aria-invalid=\"false\" value=\"\" type=\"text\" name=\"your-name\" \/><\/span> <\/label>\n<\/p>\n<p><label> E-Mail-Adresse (Pflichtfeld)<br \/>\n<span class=\"wpcf7-form-control-wrap\" data-name=\"your-email\"><input size=\"40\" maxlength=\"400\" class=\"wpcf7-form-control wpcf7-email wpcf7-validates-as-required wpcf7-text wpcf7-validates-as-email\" aria-required=\"true\" aria-invalid=\"false\" value=\"\" type=\"email\" name=\"your-email\" \/><\/span> <\/label>\n<\/p>\n<p><label> Betreff<br \/>\n<span class=\"wpcf7-form-control-wrap\" data-name=\"your-subject\"><input size=\"40\" maxlength=\"400\" class=\"wpcf7-form-control wpcf7-text\" aria-invalid=\"false\" value=\"\" type=\"text\" name=\"your-subject\" \/><\/span> <\/label>\n<\/p>\n<p><label> Nachricht<br \/>\n<span class=\"wpcf7-form-control-wrap\" data-name=\"your-message\"><textarea cols=\"40\" rows=\"10\" maxlength=\"2000\" class=\"wpcf7-form-control wpcf7-textarea\" aria-invalid=\"false\" name=\"your-message\"><\/textarea><\/span> <\/label>\n<\/p>\n<p><input class=\"wpcf7-form-control wpcf7-submit has-spinner\" type=\"submit\" value=\"Senden\" \/>\n<\/p><div class=\"wpcf7-response-output\" aria-hidden=\"true\"><\/div>\n<\/form>\n<\/div>\n\n","protected":false},"excerpt":{"rendered":"<p>Rolfing Praxis Wuppertal Kathrin B\u00f6sel Heinz-Kluncker-Stra\u00dfe 4 42285 Wuppertal Tel.: 0172 6979464 \u00a0 Die Praxis befindet sich in der 2. Etage. Im Haus befindet sich ein Aufzug. Zur Praxis geh\u00f6ren zwei Parkpl\u00e4tze auf dem Hinterhof. Achten Sie auf die Beschriftung &#8222;CPK&#8220;. Die beiden Parkpl\u00e4tze liegen hintereinander! [wpgmza id=&#8220;1&#8243;] Route mit Google Maps planen Terminanfrage \/ &hellip; <\/p>\n<p class=\"link-more\"><a href=\"https:\/\/rolfing-wuppertal.de\/?page_id=55\" class=\"more-link\"><span class=\"screen-reader-text\">\u201eKontakt\u201c<\/span> weiterlesen<\/a><\/p>\n","protected":false},"author":2,"featured_media":0,"parent":0,"menu_order":0,"comment_status":"closed","ping_status":"closed","template":"","meta":{"footnotes":""},"class_list":["post-55","page","type-page","status-publish","hentry"],"_links":{"self":[{"href":"https:\/\/rolfing-wuppertal.de\/index.php?rest_route=\/wp\/v2\/pages\/55","targetHints":{"allow":["GET"]}}],"collection":[{"href":"https:\/\/rolfing-wuppertal.de\/index.php?rest_route=\/wp\/v2\/pages"}],"about":[{"href":"https:\/\/rolfing-wuppertal.de\/index.php?rest_route=\/wp\/v2\/types\/page"}],"author":[{"embeddable":true,"href":"https:\/\/rolfing-wuppertal.de\/index.php?rest_route=\/wp\/v2\/users\/2"}],"replies":[{"embeddable":true,"href":"https:\/\/rolfing-wuppertal.de\/index.php?rest_route=%2Fwp%2Fv2%2Fcomments&post=55"}],"version-history":[{"count":14,"href":"https:\/\/rolfing-wuppertal.de\/index.php?rest_route=\/wp\/v2\/pages\/55\/revisions"}],"predecessor-version":[{"id":131,"href":"https:\/\/rolfing-wuppertal.de\/index.php?rest_route=\/wp\/v2\/pages\/55\/revisions\/131"}],"wp:attachment":[{"href":"https:\/\/rolfing-wuppertal.de\/index.php?rest_route=%2Fwp%2Fv2%2Fmedia&parent=55"}],"curies":[{"name":"wp","href":"https:\/\/api.w.org\/{rel}","templated":true}]}}