{"id":9,"date":"2018-08-27T07:03:45","date_gmt":"2018-08-27T07:03:45","guid":{"rendered":"https:\/\/rolfing-wuppertal.de\/?page_id=9"},"modified":"2020-11-22T10:12:21","modified_gmt":"2020-11-22T10:12:21","slug":"methode","status":"publish","type":"page","link":"https:\/\/rolfing-wuppertal.de\/?page_id=9","title":{"rendered":"Methode"},"content":{"rendered":"<h3>Was ist &#8222;Rolfing\u00ae&#8220;?<\/h3>\n<p>Rolfing<sup>\u00ae<\/sup>\u00a0ist eine manuelle Behandlungsmethode, die meist in einer Serie von 10 Sitzungen von einem qualifizierten Praktiker durchgef\u00fchrt wird. Das Ziel ist die Maximierung des pers\u00f6nlichen k\u00f6rperlichen und geistig-seelischen Wohlbefindens.<\/p>\n<p>Die amerikanische Biochemikerin Dr. Ida P. Rolf entwickelte in den 50er Jahren des letzten Jahrhunderts die Methode der &#8222;Strukturellen Integration&#8220;, welche sp\u00e4ter auch &#8222;Rolfing<sup>\u00ae<\/sup>&#8220; genannt wurde. Sie ging davon aus, dass die Struktur des menschlichen K\u00f6rpers, d.h. die unbewusst eingenommene K\u00f6rperhaltung, das Resultat s\u00e4mtlicher Umwelteinfl\u00fcsse ist, die auf den K\u00f6rper einwirken. Dies k\u00f6nnen Verletzungen sein, Operationen, emotionale Ereignisse, Sportarten, kulturelle Pr\u00e4gungen, Schonhaltungen, einseitige Bewegungsabl\u00e4ufe und vieles mehr. Langfristig eingenommene Bewegungs- und Haltungsmuster ver\u00e4ndern die k\u00f6rperliche Struktur und f\u00fchren zu eingeschr\u00e4nkter Flexibilit\u00e4t, manchmal auch zu Verk\u00fcrzungen und Verh\u00e4rtungen ganzer Muskel- und Bindegewebsbereiche. Das Organ, welches alle inneren Strukturen (Organe, Muskeln, Sehnen, B\u00e4nder) umh\u00fcllt und verbindet, nennt man Fasziennetz.<\/p>\n<p>Dieses\u00a0 dreidimensionale formgebende Bindegewebe strukturiert, verbindet und unterteilt alle Strukturen in verschiedene Funktionseinheiten. Faszien sind einerseits sehr elastisch, andererseits reagieren sie auf Druck und Zug und alle andere mechanische Einfl\u00fcsse, indem sie z.B verkleben oder auch zus\u00e4tzliches Material produzieren, um den K\u00f6rper zu stabilisieren und zu st\u00fctzen. Eine &#8222;\u00dcberstabilisierung&#8220; kann die Beweglichkeit einschr\u00e4nken und Haltungsmuster im K\u00f6rper festsetzen. Dr. Rolf fand heraus, dass man durch gezielten manuellen Druck Gewebe mobilisieren, Verklebungen l\u00f6sen und dadurch ver\u00e4ndern kann. Ist erst die Geschmeidigkeit und Gleitf\u00e4higkeit des Gewebes wiederhergestellt, kann sich der K\u00f6rper neu organisieren und und neu geordnet aufrichten. Die Schwerkraft ist eine ordnende Kraft die sogar unterst\u00fctzt und aufrichtet; vorausgesetzt die einzelnen K\u00f6rpersegmente liegen lotrecht \u00fcbereinander.<\/p>\n<p>Ziel ist es, eine gel\u00f6ste, aufrechte Haltung, leichte effiziente Bewegungen und eine freiere Atmung zu erlangen. Chronischen k\u00f6rperlichen Beschwerden wird die Grundlage entzogen. Rolfing<sup>\u00ae<\/sup>\u00a0ist ein ganzheitliches Behandlungskonzept und wirkt auch als pr\u00e4ventive Ma\u00dfnahme. Gleichzeitig werden neue Bewegungsabl\u00e4ufe und die Selbstwahrnehmung geschult.<\/p>\n<p><img loading=\"lazy\" decoding=\"async\" class=\"alignnone size-medium wp-image-124\" src=\"https:\/\/rolfing-wuppertal.de\/wp-content\/uploads\/2019\/04\/Haken-212x300.jpg\" alt=\"\" width=\"212\" height=\"300\" \/><\/p>\n<h3>Was sind Faszien?<\/h3>\n<p><em>&#8222;Jahrzehntelang wurde das Bindegewebe von vielen Medizinern als blo\u00dfe F\u00fcllmasse vernachl\u00e4ssigt. Doch schon l\u00e4nger gab es Vermutungen, dass der Zustand der Faszien eine entscheidende Rolle f\u00fcr unser Wohlbefinden spielt. Einer, der die Faszien-Forschung in Deutschland vorangetrieben hat, ist Robert Schleip. Mit Rolfing, einer speziellen Massage f\u00fcr das Bindegewebe, konnte er oft R\u00fcckenschmerz-Patienten helfen. Doch Schleip wollte mehr \u00fcber die Faszien wissen &#8211; er promovierte in Biologie und ging in die Forschung. An der Universit\u00e4t Ulm untersuchte er die Reaktion von Bindegewebe auf Stressbotenstoffe und vernetzte sich international mit anderen Faszien-Forschern. Inzwischen ist klar, dass das Bindegewebe sich ver\u00e4ndert und wuchern oder verfilzen, Nerven einklemmen und Schmerzen ausl\u00f6sen kann. Und die Ulmer forschen weiter \u2013 auch mit neuen bildgebenden Verfahren, die Ver\u00e4nderungen am Bindegewebe sichtbar machen.&#8220;<\/em><\/p>\n<h3>F\u00fcr wen ist Rolfing<sup>\u00ae<\/sup>\u00a0geeignet?<\/h3>\n<ul>\n<li>f\u00fcr alle, die sich aus dem Gleichgewicht und chronisch verspannt f\u00fchlen<\/li>\n<li>f\u00fcr alle, die berufsbedingt einseitigen Bewegungsabl\u00e4ufen ausgesetzt sind<\/li>\n<li>f\u00fcr Sportler, T\u00e4nzer und Schauspieler, die K\u00f6rperausdruck und Bewegungsabl\u00e4ufe optimieren m\u00f6chten<\/li>\n<li>f\u00fcr Menschen, die ihre Beweglichkeit verbessern wollen<\/li>\n<li>f\u00fcr Menschen, die sich nach Unf\u00e4llen, Operationen oder Schleudertraumen in ihrer Bewegung eingeschr\u00e4nkt f\u00fchlen<\/li>\n<\/ul>\n<h3>Wie sieht eine Rolfingbehandlung aus?<\/h3>\n<p>Nach einem Vorgespr\u00e4ch wird in der Regel der Rolfer\u2122 den Klienten in Unterw\u00e4sche oder Badekleidung im Sitzen, Gehen und Stehen anschauen. Er analysiert hierbei die K\u00f6rperhaltung und Struktur des Klienten. Danach wird mit den H\u00e4nden oder Unterarmen\u00a0 in der R\u00fccken-Bauchlage oder im Sitzen am Klienten gearbeitet, oft auch\u00a0 unter Einbeziehung von Bewegungen des Klienten. Dies dauert ca. 60-90 Minuten &#8211; ist aber immer abh\u00e4ngig vom Thema der Sitzung.<\/p>\n<h3>Wie viele Sitzungen sollten durchgef\u00fchrt werden?<\/h3>\n<p>Um dauerhafte, tiefgreifende Ver\u00e4nderungen zu erreichen sind die 10 aufeinander aufbauenden und abgestimmten Sitzungen sinnvoll aber nicht\u00a0 zwingend erforderlich. Manchmal reichen auch 3-5 Sitzungen um\u00a0 &#8222;akute&#8220; Probleme zu beheben; dies sollte aber mit Ihrem Rolfer\u2122 im einzelnen\u00a0besprochen werden.<\/p>\n<h3>Wie gross sollten die Abst\u00e4nde zwischen den Sitzungen sein?<\/h3>\n<p>Ungef\u00e4hr 1-2 Wochen sollten dazwischen liegen, mehr als 3 Wochen Abstand haben sich nicht bew\u00e4hrt.<\/p>\n<h3>Wie lange halten die Resultate einer Rolfingserie an?<\/h3>\n<p>Generell bietet Rolfing<sup>\u00ae<\/sup>\u00a0eine Chance f\u00fcr bleibende Ver\u00e4nderung, dies h\u00e4ngt jedoch auch von der Ausgangssituation ab. Wichtig ist auch, dass der Klient die Bereitschaft f\u00fcr Ver\u00e4nderung mitbringt und aktiv alte Muster aufgibt, um eine spannungsfreie K\u00f6rperhaltung einnehmen zu k\u00f6nnen. Um ein langanhaltendes Ergebnis zu erzielen, hat es sich bew\u00e4hrt, nach einem halben bzw. einem Jahr eine Auffrischungssitzung zu nehmen.<\/p>\n<h3>Was muss man vor und nach einer Sitzung beachten?<\/h3>\n<p>Kurz vor und nach einer Rolfing<sup>\u00ae<\/sup>\u00a0Behandlung ist es nicht sinnvoll, schwere k\u00f6rperliche Arbeit zu leisten oder sportliche H\u00f6chstleistungen zu erbringen. Der K\u00f6rper braucht immer ein bisschen Zeit, um die neue\u00a0 Struktur zu integrieren bzw. neue Bewegungsmuster zu verinnerlichen. Es ist\u00a0 nicht gut, direkt vor einer Behandlung \u00a0zuviel zu essen. Nach einer Sitzung\u00a0 sollte man \u00fcber den Tag verteilt ca. 2 Liter Wasser trinken.<\/p>\n<h3>Ist Rolfing schmerzhaft?<\/h3>\n<p>Dies ist ein h\u00e4ufiges Vorurteil im Zusammenhang mit Rolfing<sup>\u00ae<\/sup>. Wenn Verklebungen an Bindegewebe und Muskeln gel\u00f6st werden, wird dies manchmal\u00a0 als Ziehen, Dehnen oder &#8222;Wohlschmerz&#8220; empfunden \u00e4hnlich wie bei einer Massage an einer beispielsweise verspannten Schulter. Danach stellt sich\u00a0 oft ein Gef\u00fchl der W\u00e4rme oder Entspannung ein. Kein Rolfer\u2122 m\u00f6chte seinen Klienten Schmerzen zuf\u00fcgen und jeder Klient hat jederzeit die M\u00f6glichkeit\u00a0 eine f\u00fcr ihn zu schmerzhafte Intervention zu stoppen.<\/p>\n<h3>Gibt es Kontraindikationen zum Rolfing<sup>\u00ae<\/sup>?<\/h3>\n<p>Ja, manche Erkrankungen wie z.B. schwere Formen der Osteoporose oder Krebserkrankungen, die nicht 5 Jahre als geheilt gelten, Entz\u00fcndungen oder Cortisoneinnahme, Autoimmunerkrankungen u.a. sind Kontraindikationen zum\u00a0 Rolfing<sup>\u00ae<\/sup>; dies w\u00fcrde beim Erstgespr\u00e4ch mit uns auf jeden Fall ausgeschlossen.<\/p>\n<h3>Ist Rolfing<sup>\u00ae<\/sup>\u00a0auch f\u00fcr Kinder geeignet?<\/h3>\n<p>Auch Kinder und Jugendliche profitieren vom Rolfing<sup>\u00ae<\/sup>\u00a0durch eine bessere Haltung. Allerdings sind ihre Sitzungen je nach Alter deutlich k\u00fcrzer und dadurch auch g\u00fcnstiger als bei Erwachsenen.<\/p>\n<h3>Links:<\/h3>\n<p><a href=\"https:\/\/www.youtube.com\/watch?v=he6Am1FcAH0\">ZDF, Volle Kanne: &#8222;Rolfing&#8220; (Rolfing-Zentrum Frankfurt)<\/a><\/p>\n<p><a href=\"https:\/\/www.youtube.com\/watch?v=owDRggWXpNE\">Quarks &amp; Co. &#8222;Die Last mit dem R\u00fccken&#8220;<\/a><\/p>\n<p><a href=\"https:\/\/rolfing.org\/\">European Rolfing\u00ae Association e.V.<\/a><\/p>\n<p><a href=\"http:\/\/www.somatics.de\/\">Somatics &#8211; Robert Schleip<\/a><\/p>\n<p><a href=\"https:\/\/vimeo.com\/310971535\">Faszien Geheimnisvolle Welt unter der Haut arte HD Doku<\/a><\/p>\n<p><a href=\"https:\/\/vimeo.com\/277393613\">Body in Balance _ deutsche Fassung<\/a><\/p>\n<h3>Informationen<\/h3>\n<p>Die Links enthalten Informationen \u00fcber: Rolfing, Rolfer, Normal Function, Strukturelle Integration, K\u00f6rperhaltung, Sitzhaltung, Haltungsprobleme, K\u00f6rpertherapie, Pilates, Yoga, Wuppertal, Verspannungen, R\u00fcckenschmerzen, Kopfschmerz, Knieschmerz, Schulterschmerz, Nackenschmerz, Ischias, Gelenke, Muskeln, Bindegewebe, Faszien, Spannungskopfschmerzen, Beckenschiefstand, Sportverletzungen, Unfallfolgen, Schleudertrauma, Immobilit\u00e4t, Versteifungen, Skoliose, Wirbels\u00e4ule, Kiefer, Muskelverh\u00e4rtungen, \u00f6konomische Bewegung, leichte Bewegung.<\/p>\n","protected":false},"excerpt":{"rendered":"<p>Was ist &#8222;Rolfing\u00ae&#8220;? Rolfing\u00ae\u00a0ist eine manuelle Behandlungsmethode, die meist in einer Serie von 10 Sitzungen von einem qualifizierten Praktiker durchgef\u00fchrt wird. Das Ziel ist die Maximierung des pers\u00f6nlichen k\u00f6rperlichen und geistig-seelischen Wohlbefindens. Die amerikanische Biochemikerin Dr. Ida P. Rolf entwickelte in den 50er Jahren des letzten Jahrhunderts die Methode der &#8222;Strukturellen Integration&#8220;, welche sp\u00e4ter auch &hellip; <\/p>\n<p class=\"link-more\"><a href=\"https:\/\/rolfing-wuppertal.de\/?page_id=9\" class=\"more-link\"><span class=\"screen-reader-text\">\u201eMethode\u201c<\/span> weiterlesen<\/a><\/p>\n","protected":false},"author":1,"featured_media":0,"parent":0,"menu_order":0,"comment_status":"closed","ping_status":"closed","template":"","meta":{"footnotes":""},"class_list":["post-9","page","type-page","status-publish","hentry"],"_links":{"self":[{"href":"https:\/\/rolfing-wuppertal.de\/index.php?rest_route=\/wp\/v2\/pages\/9","targetHints":{"allow":["GET"]}}],"collection":[{"href":"https:\/\/rolfing-wuppertal.de\/index.php?rest_route=\/wp\/v2\/pages"}],"about":[{"href":"https:\/\/rolfing-wuppertal.de\/index.php?rest_route=\/wp\/v2\/types\/page"}],"author":[{"embeddable":true,"href":"https:\/\/rolfing-wuppertal.de\/index.php?rest_route=\/wp\/v2\/users\/1"}],"replies":[{"embeddable":true,"href":"https:\/\/rolfing-wuppertal.de\/index.php?rest_route=%2Fwp%2Fv2%2Fcomments&post=9"}],"version-history":[{"count":15,"href":"https:\/\/rolfing-wuppertal.de\/index.php?rest_route=\/wp\/v2\/pages\/9\/revisions"}],"predecessor-version":[{"id":137,"href":"https:\/\/rolfing-wuppertal.de\/index.php?rest_route=\/wp\/v2\/pages\/9\/revisions\/137"}],"wp:attachment":[{"href":"https:\/\/rolfing-wuppertal.de\/index.php?rest_route=%2Fwp%2Fv2%2Fmedia&parent=9"}],"curies":[{"name":"wp","href":"https:\/\/api.w.org\/{rel}","templated":true}]}}